{"id":113,"date":"2021-01-14T11:34:30","date_gmt":"2021-01-14T11:34:30","guid":{"rendered":"http:\/\/silvercables.de\/?page_id=113"},"modified":"2026-02-25T16:37:32","modified_gmt":"2026-02-25T16:37:32","slug":"benchmark-media","status":"publish","type":"page","link":"https:\/\/silvercables.de\/?page_id=113","title":{"rendered":"Benchmark Media Vertrieb Deutschland"},"content":{"rendered":"\n<p><strong>Axmann Audio &#8211; Dr. Michael Axmann<\/strong><\/p>\n\n\n\n<p><strong>Benchmark Media<\/strong> bietet perfekte Technik und Klang in Absoluter Spitzenklasse &#8211; gebaut in Studioqualit\u00e4t<\/p>\n\n\n\n<p>Beispiel: <br><br>Der <strong>Benchmark AHB2<\/strong>: Kompakt, leistungsstark, h\u00f6chste Qualit\u00e4t, technische Daten der Referenzklasse und h\u00f6chste Klangtreue.<\/p>\n\n\n\n<p>Weltweit sehr viele Tests best\u00e4tigen die Ausnahmestellung:<\/p>\n\n\n\n<p>Der leiseste Verst\u00e4rker der Welt: Kein h\u00f6rbares Rauschen:  Erleben Sie die volle Dynamik ihrer Musik!<\/p>\n\n\n\n<p><\/p>\n\n\n\n<p>Kaufen Sie hier <a href=\"http:\/\/www.silberkabel.net\" target=\"_blank\" rel=\"noreferrer noopener\">www.silb<\/a><a href=\"http:\/\/www.silberkabel.net\">erkabel.net<\/a><\/p>\n\n\n\n<figure class=\"wp-block-image size-large\"><img loading=\"lazy\" decoding=\"async\" width=\"1024\" height=\"798\" src=\"http:\/\/silvercables.de\/wp-content\/uploads\/2021\/01\/AHB2_BLK_FrontRight_07_1400x_progressive-1024x798.jpg\" alt=\"\" class=\"wp-image-126\" srcset=\"https:\/\/silvercables.de\/wp-content\/uploads\/2021\/01\/AHB2_BLK_FrontRight_07_1400x_progressive-1024x798.jpg 1024w, https:\/\/silvercables.de\/wp-content\/uploads\/2021\/01\/AHB2_BLK_FrontRight_07_1400x_progressive-300x234.jpg 300w, https:\/\/silvercables.de\/wp-content\/uploads\/2021\/01\/AHB2_BLK_FrontRight_07_1400x_progressive-768x598.jpg 768w, https:\/\/silvercables.de\/wp-content\/uploads\/2021\/01\/AHB2_BLK_FrontRight_07_1400x_progressive.jpg 1400w\" sizes=\"auto, (max-width: 1024px) 100vw, 1024px\" \/><figcaption class=\"wp-element-caption\"><strong>Benchmark AHB2 Black<\/strong><\/figcaption><\/figure>\n","protected":false},"excerpt":{"rendered":"<div class=\"slide-text-bg2\"><span>Axmann Audio &#8211; Dr. Michael Axmann Benchmark Media bietet perfekte Technik und Klang in Absoluter Spitzenklasse &#8211; gebaut in Studioqualit\u00e4t Beis<\/span><\/div>\n<div class=\"slide-btn-area-sm\"><a href=\"https:\/\/silvercables.de\/?page_id=113\" class=\"slide-btn-sm\">weiterlesen<\/a><\/div>\n","protected":false},"author":1,"featured_media":0,"parent":0,"menu_order":0,"comment_status":"closed","ping_status":"closed","template":"","meta":{"footnotes":""},"class_list":["post-113","page","type-page","status-publish","hentry"],"yoast_head":"<!-- This site is optimized with the Yoast SEO plugin v20.12 - https:\/\/yoast.com\/wordpress\/plugins\/seo\/ -->\n<title>Benchmark Media Vertrieb Deutschland - Silber Kabel, Benchmark und Bricasti<\/title>\n<meta name=\"description\" content=\"Benchmark Media bietet Hifi-Ger\u00e4te der Absoluten Spitzenklasse zum fairen Preis. DAC, Vorverst\u00e4rker und Endverst\u00e4rker im kompakten Format\" \/>\n<meta name=\"robots\" content=\"index, follow, max-snippet:-1, max-image-preview:large, max-video-preview:-1\" \/>\n<link rel=\"canonical\" href=\"https:\/\/silvercables.de\/?page_id=113\" \/>\n<meta property=\"og:locale\" content=\"de_DE\" \/>\n<meta property=\"og:type\" content=\"article\" \/>\n<meta property=\"og:title\" content=\"Benchmark Media Vertrieb Deutschland - Silber Kabel, Benchmark und Bricasti\" \/>\n<meta property=\"og:description\" content=\"Benchmark Media bietet Hifi-Ger\u00e4te der Absoluten Spitzenklasse zum fairen Preis. DAC, Vorverst\u00e4rker und Endverst\u00e4rker im kompakten Format\" \/>\n<meta property=\"og:url\" content=\"https:\/\/silvercables.de\/?page_id=113\" \/>\n<meta property=\"og:site_name\" content=\"Silber Kabel, Benchmark und Bricasti\" \/>\n<meta property=\"article:modified_time\" content=\"2026-02-25T16:37:32+00:00\" \/>\n<meta property=\"og:image\" content=\"http:\/\/silvercables.de\/wp-content\/uploads\/2021\/01\/AHB2_BLK_FrontRight_07_1400x_progressive-1024x798.jpg\" \/>\n<meta name=\"twitter:card\" content=\"summary_large_image\" \/>\n<meta name=\"twitter:label1\" content=\"Gesch\u00e4tzte Lesezeit\" \/>\n\t<meta name=\"twitter:data1\" content=\"1\u00a0Minute\" \/>\n<script type=\"application\/ld+json\" class=\"yoast-schema-graph\">{\"@context\":\"https:\/\/schema.org\",\"@graph\":[{\"@type\":\"WebPage\",\"@id\":\"https:\/\/silvercables.de\/?page_id=113\",\"url\":\"https:\/\/silvercables.de\/?page_id=113\",\"name\":\"Benchmark Media Vertrieb Deutschland - Silber Kabel, Benchmark und Bricasti\",\"isPartOf\":{\"@id\":\"https:\/\/silvercables.de\/#website\"},\"datePublished\":\"2021-01-14T11:34:30+00:00\",\"dateModified\":\"2026-02-25T16:37:32+00:00\",\"description\":\"Benchmark Media bietet Hifi-Ger\u00e4te der Absoluten Spitzenklasse zum fairen Preis. DAC, Vorverst\u00e4rker und Endverst\u00e4rker im kompakten Format\",\"breadcrumb\":{\"@id\":\"https:\/\/silvercables.de\/?page_id=113#breadcrumb\"},\"inLanguage\":\"de\",\"potentialAction\":[{\"@type\":\"ReadAction\",\"target\":[\"https:\/\/silvercables.de\/?page_id=113\"]}]},{\"@type\":\"BreadcrumbList\",\"@id\":\"https:\/\/silvercables.de\/?page_id=113#breadcrumb\",\"itemListElement\":[{\"@type\":\"ListItem\",\"position\":1,\"name\":\"Startseite\",\"item\":\"https:\/\/silvercables.de\/\"},{\"@type\":\"ListItem\",\"position\":2,\"name\":\"Benchmark Media Vertrieb Deutschland\"}]},{\"@type\":\"WebSite\",\"@id\":\"https:\/\/silvercables.de\/#website\",\"url\":\"https:\/\/silvercables.de\/\",\"name\":\"Silber Kabel, Benchmark und Bricasti\",\"description\":\"die Technik entscheided \u00fcber den Klang!\",\"potentialAction\":[{\"@type\":\"SearchAction\",\"target\":{\"@type\":\"EntryPoint\",\"urlTemplate\":\"https:\/\/silvercables.de\/?s={search_term_string}\"},\"query-input\":\"required name=search_term_string\"}],\"inLanguage\":\"de\"}]}<\/script>\n<!-- \/ Yoast SEO plugin. -->","yoast_head_json":{"title":"Benchmark Media Vertrieb Deutschland - Silber Kabel, Benchmark und Bricasti","description":"Benchmark Media bietet Hifi-Ger\u00e4te der Absoluten Spitzenklasse zum fairen Preis. DAC, Vorverst\u00e4rker und Endverst\u00e4rker im kompakten Format","robots":{"index":"index","follow":"follow","max-snippet":"max-snippet:-1","max-image-preview":"max-image-preview:large","max-video-preview":"max-video-preview:-1"},"canonical":"https:\/\/silvercables.de\/?page_id=113","og_locale":"de_DE","og_type":"article","og_title":"Benchmark Media Vertrieb Deutschland - Silber Kabel, Benchmark und Bricasti","og_description":"Benchmark Media bietet Hifi-Ger\u00e4te der Absoluten Spitzenklasse zum fairen Preis. DAC, Vorverst\u00e4rker und Endverst\u00e4rker im kompakten Format","og_url":"https:\/\/silvercables.de\/?page_id=113","og_site_name":"Silber Kabel, Benchmark und Bricasti","article_modified_time":"2026-02-25T16:37:32+00:00","og_image":[{"url":"http:\/\/silvercables.de\/wp-content\/uploads\/2021\/01\/AHB2_BLK_FrontRight_07_1400x_progressive-1024x798.jpg"}],"twitter_card":"summary_large_image","twitter_misc":{"Gesch\u00e4tzte Lesezeit":"1\u00a0Minute"},"schema":{"@context":"https:\/\/schema.org","@graph":[{"@type":"WebPage","@id":"https:\/\/silvercables.de\/?page_id=113","url":"https:\/\/silvercables.de\/?page_id=113","name":"Benchmark Media Vertrieb Deutschland - Silber Kabel, Benchmark und Bricasti","isPartOf":{"@id":"https:\/\/silvercables.de\/#website"},"datePublished":"2021-01-14T11:34:30+00:00","dateModified":"2026-02-25T16:37:32+00:00","description":"Benchmark Media bietet Hifi-Ger\u00e4te der Absoluten Spitzenklasse zum fairen Preis. DAC, Vorverst\u00e4rker und Endverst\u00e4rker im kompakten Format","breadcrumb":{"@id":"https:\/\/silvercables.de\/?page_id=113#breadcrumb"},"inLanguage":"de","potentialAction":[{"@type":"ReadAction","target":["https:\/\/silvercables.de\/?page_id=113"]}]},{"@type":"BreadcrumbList","@id":"https:\/\/silvercables.de\/?page_id=113#breadcrumb","itemListElement":[{"@type":"ListItem","position":1,"name":"Startseite","item":"https:\/\/silvercables.de\/"},{"@type":"ListItem","position":2,"name":"Benchmark Media Vertrieb Deutschland"}]},{"@type":"WebSite","@id":"https:\/\/silvercables.de\/#website","url":"https:\/\/silvercables.de\/","name":"Silber Kabel, Benchmark und Bricasti","description":"die Technik entscheided \u00fcber den Klang!","potentialAction":[{"@type":"SearchAction","target":{"@type":"EntryPoint","urlTemplate":"https:\/\/silvercables.de\/?s={search_term_string}"},"query-input":"required name=search_term_string"}],"inLanguage":"de"}]}},"_links":{"self":[{"href":"https:\/\/silvercables.de\/index.php?rest_route=\/wp\/v2\/pages\/113","targetHints":{"allow":["GET"]}}],"collection":[{"href":"https:\/\/silvercables.de\/index.php?rest_route=\/wp\/v2\/pages"}],"about":[{"href":"https:\/\/silvercables.de\/index.php?rest_route=\/wp\/v2\/types\/page"}],"author":[{"embeddable":true,"href":"https:\/\/silvercables.de\/index.php?rest_route=\/wp\/v2\/users\/1"}],"replies":[{"embeddable":true,"href":"https:\/\/silvercables.de\/index.php?rest_route=%2Fwp%2Fv2%2Fcomments&post=113"}],"version-history":[{"count":7,"href":"https:\/\/silvercables.de\/index.php?rest_route=\/wp\/v2\/pages\/113\/revisions"}],"predecessor-version":[{"id":194,"href":"https:\/\/silvercables.de\/index.php?rest_route=\/wp\/v2\/pages\/113\/revisions\/194"}],"wp:attachment":[{"href":"https:\/\/silvercables.de\/index.php?rest_route=%2Fwp%2Fv2%2Fmedia&parent=113"}],"curies":[{"name":"wp","href":"https:\/\/api.w.org\/{rel}","templated":true}]}}