{"id":164,"date":"2021-07-30T15:50:56","date_gmt":"2021-07-30T15:50:56","guid":{"rendered":"http:\/\/silvercables.de\/?page_id=164"},"modified":"2025-08-03T11:17:52","modified_gmt":"2025-08-03T11:17:52","slug":"bricast-design-highend-audiogeraete-der-referenzklasse","status":"publish","type":"page","link":"https:\/\/silvercables.de\/?page_id=164","title":{"rendered":"Bricast Design &#8211; Highend Audioger\u00e4te der Referenzklasse"},"content":{"rendered":"\n<h2 class=\"wp-block-heading\">Bricasti M3 &#8211; Ein DAC der Weltklasse bei Axmann Audio<\/h2>\n\n\n\n<h3 class=\"wp-block-heading\">Bricasti Design steht f\u00fcr Audioger\u00e4te der absoluten Spitzenklasse im Heimbereich<\/h3>\n\n\n\n<ul class=\"wp-block-list\"><li>nun erh\u00e4ltlich in Deutschland bei Axmann Audio<\/li><li><a href=\"https:\/\/bricasti.com\/en\/consumer\/home.php\">Bricasti Design aus Shirley, Massachusetts<\/a>, USA bietet <em>Technologien aus der Studiotechnik<\/em> f\u00fcr Hifi-Ger\u00e4te mit bestm\u00f6glicher Klangqualit\u00e4t.<\/li><\/ul>\n\n\n\n<p>Die Hifi-Ger\u00e4te von Bricasti verwirklichen diesen Anspruch in Verbindung mit universeller Nutzbarkeit im Heimbereich.<\/p>\n\n\n\n<p>Der <strong>neue <a href=\"https:\/\/www.silberkabel.net\/epages\/61932434.sf\/de_DE\/?ObjectPath=\/Shops\/61932434\/Products\/M3-DAC\">M3 Direct Stream D\/A Converter<\/a> <\/strong>enth\u00e4lt die Technologien des Referenzger\u00e4ts <a href=\"https:\/\/www.silberkabel.net\/epages\/61932434.sf\/de_DE\/?ObjectPath=\/Shops\/61932434\/Products\/Bricasti-M1-DAC\">Bricasti M1<\/a> und ist f\u00fcr digitale Quellen als <em>Vorverst\u00e4rker<\/em> und <em>DAC<\/em> zur perfekten Ansteuerung von Endverst\u00e4rkern oder Aktivboxen vorgesehen.<\/p>\n\n\n\n<p><a href=\"https:\/\/www.silberkabel.net\/WebRoot\/Store15\/Shops\/61932434\/MediaGallery\/Audio_test4Seiten.pdf\">Test in der Audio 2\/2021! Referenzklasse Audio_test_S1_1<\/a><\/p>\n\n\n\n<figure class=\"wp-block-image is-resized\"><img loading=\"lazy\" decoding=\"async\" src=\"https:\/\/www.silberkabel.net\/WebRoot\/Store15\/Shops\/61932434\/MediaGallery\/Audio_test_S1_1.jpg\" alt=\"Audio_test_S1_1\" width=\"602\" height=\"859\" title=\"Audio Test Bricasti M3  | Referenzklasse\"\/><\/figure>\n\n\n\n<p>Besonderheiten sind:<\/p>\n\n\n\n<ul class=\"wp-block-list\"><li>der vollsymmetrische <em>Doppel-Mono<\/em>-Aufbau, die Stereokan\u00e4le rechts\/links sind \u00e4hnlich zu Verst\u00e4rker Monobl\u00f6cken getrennt<\/li><li>ein separater Wandler f\u00fcr natives DSD<\/li><li>eine symmetrische analoge Lautst\u00e4rkeregelung<\/li><\/ul>\n\n\n\n<p>International ist der Bricasti M3 hochgelobt! Ist gibt reichlich Testberichte mit vielen Klangbeschreibungen und Anwendungshinweisen.<\/p>\n\n\n\n<p><\/p>\n\n\n\n<h2 class=\"wp-block-heading\">Lesen Sie in der <a href=\"https:\/\/www.fidelity-online.de\/bricasti-design-m3-d-a-wandler\/\">fidelity online<\/a><\/h2>\n\n\n\n<h2 class=\"wp-block-heading\"><strong>Lesen Sie den Test aus der britischen<\/strong>&nbsp; <a href=\"https:\/\/www.silberkabel.net\/WebRoot\/Store15\/Shops\/61932434\/MediaGallery\/Bricasti_Design_M3_DAC_-_Hifi_Pig.pdf\">&#8220; Hifi-Pig&#8220;<\/a><\/h2>\n\n\n\n<p>Auf Wunsch wird der Bricasti M3 ab Werk mit symmetrischen Kopfh\u00f6rerverst\u00e4rkern und zwei Kopfh\u00f6reranschl\u00fcssen ausger\u00fcstet und wird zum <a href=\"https:\/\/www.silberkabel.net\/epages\/61932434.sf\/de_DE\/?ObjectPath=\/Shops\/61932434\/Products\/M3H-DAC\">M3H<\/a>.<\/p>\n","protected":false},"excerpt":{"rendered":"<div class=\"slide-text-bg2\"><span>Bricasti M3 &#8211; Ein DAC der Weltklasse bei Axmann Audio Bricasti Design steht f\u00fcr Audioger\u00e4te der absoluten Spitzenklasse im Heimbereich nun erh\u00e4ltl<\/span><\/div>\n<div class=\"slide-btn-area-sm\"><a href=\"https:\/\/silvercables.de\/?page_id=164\" class=\"slide-btn-sm\">weiterlesen<\/a><\/div>\n","protected":false},"author":1,"featured_media":0,"parent":0,"menu_order":0,"comment_status":"closed","ping_status":"closed","template":"","meta":{"footnotes":""},"class_list":["post-164","page","type-page","status-publish","hentry"],"yoast_head":"<!-- This site is optimized with the Yoast SEO plugin v20.12 - https:\/\/yoast.com\/wordpress\/plugins\/seo\/ -->\n<title>Bricast Design - Highend Audioger\u00e4te der Referenzklasse - Silber Kabel, Benchmark und Bricasti<\/title>\n<meta name=\"description\" content=\"Bricasti Design bietet Referenzqualit\u00e4t in Technik, Verarbeitung, Design unf Klang.Testberichte im Download best\u00e4tigen die Ausnahmestellung\" \/>\n<meta name=\"robots\" content=\"index, follow, max-snippet:-1, max-image-preview:large, max-video-preview:-1\" \/>\n<link rel=\"canonical\" href=\"https:\/\/silvercables.de\/?page_id=164\" \/>\n<meta property=\"og:locale\" content=\"de_DE\" \/>\n<meta property=\"og:type\" content=\"article\" \/>\n<meta property=\"og:title\" content=\"Bricast Design - Highend Audioger\u00e4te der Referenzklasse - Silber Kabel, Benchmark und Bricasti\" \/>\n<meta property=\"og:description\" content=\"Bricasti Design bietet Referenzqualit\u00e4t in Technik, Verarbeitung, Design unf Klang.Testberichte im Download best\u00e4tigen die Ausnahmestellung\" \/>\n<meta property=\"og:url\" content=\"https:\/\/silvercables.de\/?page_id=164\" \/>\n<meta property=\"og:site_name\" content=\"Silber Kabel, Benchmark und Bricasti\" \/>\n<meta property=\"article:modified_time\" content=\"2025-08-03T11:17:52+00:00\" \/>\n<meta property=\"og:image\" content=\"https:\/\/www.silberkabel.net\/WebRoot\/Store15\/Shops\/61932434\/MediaGallery\/Audio_test_S1_1.jpg\" \/>\n<meta name=\"twitter:card\" content=\"summary_large_image\" \/>\n<meta name=\"twitter:label1\" content=\"Gesch\u00e4tzte Lesezeit\" \/>\n\t<meta name=\"twitter:data1\" content=\"1\u00a0Minute\" \/>\n<script type=\"application\/ld+json\" class=\"yoast-schema-graph\">{\"@context\":\"https:\/\/schema.org\",\"@graph\":[{\"@type\":\"WebPage\",\"@id\":\"https:\/\/silvercables.de\/?page_id=164\",\"url\":\"https:\/\/silvercables.de\/?page_id=164\",\"name\":\"Bricast Design - Highend Audioger\u00e4te der Referenzklasse - Silber Kabel, Benchmark und Bricasti\",\"isPartOf\":{\"@id\":\"https:\/\/silvercables.de\/#website\"},\"datePublished\":\"2021-07-30T15:50:56+00:00\",\"dateModified\":\"2025-08-03T11:17:52+00:00\",\"description\":\"Bricasti Design bietet Referenzqualit\u00e4t in Technik, Verarbeitung, Design unf Klang.Testberichte im Download best\u00e4tigen die Ausnahmestellung\",\"breadcrumb\":{\"@id\":\"https:\/\/silvercables.de\/?page_id=164#breadcrumb\"},\"inLanguage\":\"de\",\"potentialAction\":[{\"@type\":\"ReadAction\",\"target\":[\"https:\/\/silvercables.de\/?page_id=164\"]}]},{\"@type\":\"BreadcrumbList\",\"@id\":\"https:\/\/silvercables.de\/?page_id=164#breadcrumb\",\"itemListElement\":[{\"@type\":\"ListItem\",\"position\":1,\"name\":\"Startseite\",\"item\":\"https:\/\/silvercables.de\/\"},{\"@type\":\"ListItem\",\"position\":2,\"name\":\"Bricast Design &#8211; Highend Audioger\u00e4te der Referenzklasse\"}]},{\"@type\":\"WebSite\",\"@id\":\"https:\/\/silvercables.de\/#website\",\"url\":\"https:\/\/silvercables.de\/\",\"name\":\"Silber Kabel, Benchmark und Bricasti\",\"description\":\"die Technik entscheided \u00fcber den Klang!\",\"potentialAction\":[{\"@type\":\"SearchAction\",\"target\":{\"@type\":\"EntryPoint\",\"urlTemplate\":\"https:\/\/silvercables.de\/?s={search_term_string}\"},\"query-input\":\"required name=search_term_string\"}],\"inLanguage\":\"de\"}]}<\/script>\n<!-- \/ Yoast SEO plugin. -->","yoast_head_json":{"title":"Bricast Design - Highend Audioger\u00e4te der Referenzklasse - Silber Kabel, Benchmark und Bricasti","description":"Bricasti Design bietet Referenzqualit\u00e4t in Technik, Verarbeitung, Design unf Klang.Testberichte im Download best\u00e4tigen die Ausnahmestellung","robots":{"index":"index","follow":"follow","max-snippet":"max-snippet:-1","max-image-preview":"max-image-preview:large","max-video-preview":"max-video-preview:-1"},"canonical":"https:\/\/silvercables.de\/?page_id=164","og_locale":"de_DE","og_type":"article","og_title":"Bricast Design - Highend Audioger\u00e4te der Referenzklasse - Silber Kabel, Benchmark und Bricasti","og_description":"Bricasti Design bietet Referenzqualit\u00e4t in Technik, Verarbeitung, Design unf Klang.Testberichte im Download best\u00e4tigen die Ausnahmestellung","og_url":"https:\/\/silvercables.de\/?page_id=164","og_site_name":"Silber Kabel, Benchmark und Bricasti","article_modified_time":"2025-08-03T11:17:52+00:00","og_image":[{"url":"https:\/\/www.silberkabel.net\/WebRoot\/Store15\/Shops\/61932434\/MediaGallery\/Audio_test_S1_1.jpg"}],"twitter_card":"summary_large_image","twitter_misc":{"Gesch\u00e4tzte Lesezeit":"1\u00a0Minute"},"schema":{"@context":"https:\/\/schema.org","@graph":[{"@type":"WebPage","@id":"https:\/\/silvercables.de\/?page_id=164","url":"https:\/\/silvercables.de\/?page_id=164","name":"Bricast Design - Highend Audioger\u00e4te der Referenzklasse - Silber Kabel, Benchmark und Bricasti","isPartOf":{"@id":"https:\/\/silvercables.de\/#website"},"datePublished":"2021-07-30T15:50:56+00:00","dateModified":"2025-08-03T11:17:52+00:00","description":"Bricasti Design bietet Referenzqualit\u00e4t in Technik, Verarbeitung, Design unf Klang.Testberichte im Download best\u00e4tigen die Ausnahmestellung","breadcrumb":{"@id":"https:\/\/silvercables.de\/?page_id=164#breadcrumb"},"inLanguage":"de","potentialAction":[{"@type":"ReadAction","target":["https:\/\/silvercables.de\/?page_id=164"]}]},{"@type":"BreadcrumbList","@id":"https:\/\/silvercables.de\/?page_id=164#breadcrumb","itemListElement":[{"@type":"ListItem","position":1,"name":"Startseite","item":"https:\/\/silvercables.de\/"},{"@type":"ListItem","position":2,"name":"Bricast Design &#8211; Highend Audioger\u00e4te der Referenzklasse"}]},{"@type":"WebSite","@id":"https:\/\/silvercables.de\/#website","url":"https:\/\/silvercables.de\/","name":"Silber Kabel, Benchmark und Bricasti","description":"die Technik entscheided \u00fcber den Klang!","potentialAction":[{"@type":"SearchAction","target":{"@type":"EntryPoint","urlTemplate":"https:\/\/silvercables.de\/?s={search_term_string}"},"query-input":"required name=search_term_string"}],"inLanguage":"de"}]}},"_links":{"self":[{"href":"https:\/\/silvercables.de\/index.php?rest_route=\/wp\/v2\/pages\/164","targetHints":{"allow":["GET"]}}],"collection":[{"href":"https:\/\/silvercables.de\/index.php?rest_route=\/wp\/v2\/pages"}],"about":[{"href":"https:\/\/silvercables.de\/index.php?rest_route=\/wp\/v2\/types\/page"}],"author":[{"embeddable":true,"href":"https:\/\/silvercables.de\/index.php?rest_route=\/wp\/v2\/users\/1"}],"replies":[{"embeddable":true,"href":"https:\/\/silvercables.de\/index.php?rest_route=%2Fwp%2Fv2%2Fcomments&post=164"}],"version-history":[{"count":2,"href":"https:\/\/silvercables.de\/index.php?rest_route=\/wp\/v2\/pages\/164\/revisions"}],"predecessor-version":[{"id":176,"href":"https:\/\/silvercables.de\/index.php?rest_route=\/wp\/v2\/pages\/164\/revisions\/176"}],"wp:attachment":[{"href":"https:\/\/silvercables.de\/index.php?rest_route=%2Fwp%2Fv2%2Fmedia&parent=164"}],"curies":[{"name":"wp","href":"https:\/\/api.w.org\/{rel}","templated":true}]}}