{"id":24,"date":"2017-11-08T14:54:45","date_gmt":"2017-11-08T14:54:45","guid":{"rendered":"http:\/\/silvercables.de\/?page_id=24"},"modified":"2026-02-25T16:36:00","modified_gmt":"2026-02-25T16:36:00","slug":"white-paper","status":"publish","type":"page","link":"https:\/\/silvercables.de\/?page_id=24","title":{"rendered":"Alles \u00fcber Silberkabel, Technik, Grundlagen und h\u00e4ufige Fragen"},"content":{"rendered":"<p><strong><span style=\"color: #333333;\">\u00a0<\/span><\/strong><\/p>\n<h2><strong><span style=\"color: #333333;\">Silber TT Kabel<\/span><\/strong><\/h2>\n<p><strong>Reinsilberkabel<\/strong>, garantierte Reinheit des verwendeten Silbers\u00a0 &gt; 99,99 %<br \/>\n2 oder 3 Solid-Core Leiter (Massivleiter)<br \/>\nBasis Silberdraht in PTFE-Schl\u00e4uchen und Verflechtung f\u00fcr niedrigste Kapazit\u00e4t<br \/>\ngeeignet f\u00fcr NF-Verbindungen und als Kopfh\u00f6rerkabel!<br \/>\nkonfektioniert in allen Ausf\u00fchrungen erh\u00e4ltlich.<br \/>\noptimale Leitergeometrie<br \/>\ndurchgehende Silber-Verkabelung mit Steckverbindungen in Silber m\u00f6glich!<br \/>\noptional Ausf\u00fchrung mit Schirmung (Geflechtschirm f\u00fcr Phonoanwendung)<br \/>\n<strong>Herstellung: <\/strong>Jedes Kabel wird individuell gefertigt<br \/>\n<strong>Klang:<\/strong><br \/>\nHervorragende Detailierung, nat\u00fcrliche Klangfarben und R\u00e4umlichkeit.<\/p>\n<h2><span style=\"color: #333333;\"><strong>Axiom 3 Kabel<\/strong><\/span><\/h2>\n<p><strong>Reinsilberkabel<\/strong>, garantierte Reinheit des verwendeten Silbers\u00a0 &gt; 99,99 %<br \/>\n4 Solid-Core Leiter (4 Massivleiter), die je nach Anwendung verschaltet werden<br \/>\nHEI-Tape Teflon (Basis PTFE)-Isolierung der Adern f\u00fcr niedrigste Kapazit\u00e4t<br \/>\ngeeignet f\u00fcr NF-Verbindungen und LS-Verbindungen, je nach Verschaltung f\u00fcr alle Audioanwendungen!<br \/>\nkonfektioniert in allen Ausf\u00fchrungen erh\u00e4ltlich.<br \/>\noptimale Leitergeometrie &#8211; Quad-Design mit Verseilung der Leiter, Selbstschirmung gegen elektrische und magnetische Felder<br \/>\ndurchgehende Silber-Verkabelung mit Steckverbindungen in Silber m\u00f6glich!<br \/>\noptional Ausf\u00fchrung mit Schirmung (Geflechtschirm f\u00fcr Phonoanwendung)<br \/>\noptional zus\u00e4tzlicher Kabelschutzmantel<br \/>\n<strong>Herstellung<\/strong>: In einem deutschen Kabelwerk<br \/>\n<strong>Klang<\/strong>:<br \/>\nHervorragende Detailierung, nat\u00fcrliche Klangfarben und R\u00e4umlichkeit.<br \/>\n<strong>Entwicklung:<br \/>\n<\/strong>F\u00fcr die Kabelentwicklung des Audio-Axiom wurde die gleichzeitige Nutzbarkeit als Cinch-, XLR-, Digital- und Lautsprecherkabel angestrebt.<br \/>\nDer Aufbau des\u00a0 Audio-Axiom eignet sich durch unterschiedliche Beschaltung und Konfektionierung f\u00fcr alle genannten Anwendungsbereiche.<br \/>\nBei der Entwicklung wurden insbesondere auf die\u00a0 Verringerung des Skineffekts geachtet.<br \/>\n<strong>Zubeh\u00f6r:<\/strong><br \/>\nSteckverbinder von Furutech, OYAIDE, Eichmann KLE, WBT, Neutrik, MC<\/p>\n<h2>Details des Axiom 3 Silberkabel<\/h2>\n<p>Das Axiom 3 Kabel ist\u00a0 eine 4-adrige symmetrische Leitung (Star-Quad)<br \/>\nd.h. die signalf\u00fchrenden Leiter jeweils 2 Innenleiter aus Reinsilberdraht.<br \/>\nDer hohe Innenleiterquerschnitt\u00a0 mit\u00a0 4 x 0,39 mm2\u00a0 und die Isolation mit\u00a0 hochqualitativen\u00a0 Isoliermaterial (HEI-Tape\/PTFE)\u00a0 sorgen f\u00fcr sehr gute technische Daten. Der hochpr\u00e4zise\u00a0 Aufbau mit\u00a0 verseilten Adern ben\u00f6tigt keinen separaten, die Kapazit\u00e4t des Kabels erh\u00f6henden Schirm.<br \/>\nDie kompromi\u00dflose Materialwahl f\u00fcr das Axiom 3 Kabel sorgt in Verbindung mit der optimierten Leitergeometrie f\u00fcr einen sehr detailierten, feinen Klang.<\/p>\n<p>Die R\u00e4umlichkeit und das richtige Timing ist im Vergleich deutlich h\u00f6rbar. Diese hervorragenden Eigenschaften machen das\u00a0 Audio Axiom zu einem universell einsetzbaren Kabel.<br \/>\nDas Axiom 3 Kabel\u00a0 wird mit den gew\u00fcnschten Steckern ( Eichmann KLE \/ WBT)\u00a0 konfektioniert und in der gew\u00fcnschten L\u00e4nge\u00a0 geliefert. Die Konfektionierung als symmetrisches Kabel oder auch spezielle Konfektionierungen sind m\u00f6glich!<\/p>\n<p>Das Axiom 3 Kabel\u00a0 ist auch als Lautsprecherkabel, konfektioniert mit speziellen R\u00f6hren-MC-Bananen-Steckern oder auf Wunsch mit Rhodium-Bananas \/Spades einsetzbar. In diesem Fall wird mit dem\u00a0 Axiom 3 eine homogene Reinsilber-Verkabelung\u00a0 der gesamten Anlage m\u00f6glich. F\u00fcr eigene Konfektionierung oder Lautsprecher-Innenverkabelung ist das Audio-Axiom auch als Meterware lieferbar.<br \/>\nDie technischen Daten des Axiom 3 sind je nach Verschaltung unterschiedlich. F\u00fcr den Einsatz eines Signalkabel (Cinch) ist auch die niederkapazitive 2-adrige Verschaltung empfehlenswert. Als\u00a0 LS-Kabel ist die Kreuzverschaltung zu empfehlen. Interessante Varianten sind Bi-wiring und shot-gun-Verschaltungen.<\/p>\n<h2><strong>Fragen und Antworten<\/strong><\/h2>\n<p>1. Warum ist das Axiom Silberkabel so g\u00fcnstig?<br \/>\nIch biete das Kabel direkt an und nicht \u00fcber einen Vertrieb. Kosten f\u00fcr Marketing, Werbung,<br \/>\nVerpackungen werden gering gehalten. Im Vordergrund steht beste Qualit\u00e4t zum g\u00fcnstigen Preis.<br \/>\nDas Kabel bietet einen Wert allein durch das eingesetzte Silber und die hochwertigen Materialien.<br \/>\n2. Warum ist das Axiom Silberkabel so teuer?<br \/>\nIch verwende hochwertiges 4N Reinsilber f\u00fcr s\u00e4mtliche Leiter sowie die besten Steckverbinder.<br \/>\nIm Vergleich sind meine Kabel bei bester Qualit\u00e4t g\u00fcnstiger als Kupfer-Kabel oder<br \/>\nversilberte Kabel des Wettbewerbs.<br \/>\n3. Warum hat das Axiom Silberkabel keinen Schirm?<br \/>\nDer Kabelaufbau Sternvierer sorgt f\u00fcr gute Eigenschirmung, soda\u00df in der Regel keine St\u00f6rungen auftreten.<br \/>\nIm Normalfall erh\u00f6ht der Schirm die Kapazit\u00e4t, was dem besten Klang entgegen steht.<br \/>\nIn wenigen F\u00e4llen kann ggf. ein Zusatzschirm geliefert werden.<\/p>\n<p><span style=\"color: #000080;\">Weitere Fragen beantworte ich gerne , schreiben Sie eine e-mail!<\/span><\/p>\n<h2><!--more-->F\u00fcr Experten:<\/h2>\n<p>Der Klang von Audiokabeln wird im wesentlichen von den verwendeten Materialien und dem Aufbau des Kabels bestimmt. Neben den elektrischen Parametern der Kapazit\u00e4t C und der Induktivit\u00e4t L, die m\u00f6glichst niedrige Werte annehmen sollen, spielen die verwendete Leitergr\u00f6\u00dfe der Einzelleiter und die verwendeten Isolierstoffe eine wichtige Rolle. Der Skin-Effekt und Laufzeitverzerrungen aufgrund von Gruppenlaufzeitverzerrungen und sind wesentliche Einflu\u00dffaktoren auf den Klang eines Kabels.<\/p>\n<p>Der elektrische Widerstand R eines Kabels hat nicht die entscheidende Bedeutung f\u00fcr die Klangqualit\u00e4t &#8211; wichtig ist nur die Einhaltung eines hinreichenden D\u00e4mpfungsfaktors des Kabels f\u00fcr optimalen Lautsprecherklang<\/p>\n<p>Der Skin-Effekt ist ein wichtiger, da frequenzabh\u00e4ngiger Effekt, der auch im Audiofrequenzbereich wirkt. In einem Leiter werden Stromanteile mit hohen Frequenzen zur Oberfl\u00e4che des Leiter gedr\u00e4ngt. Dadurch steigt der Widerstand zu h\u00f6heren Frequenzen, was jedoch meist zu vernachl\u00e4ssigen ist.<\/p>\n<h3><b>Technische Details:<\/b><\/h3>\n<p><b>\u2022<\/b> Die <b>Eindringtiefe<\/b> (0,463 mm bei 20 kHz) beschreibt die frequenzabh\u00e4ngige D\u00e4mpfung des Signals im Kabel um 64% !<br \/>\nDer Skin-Effekt f\u00fchrt zu Phasenverzerrungen der Frequenzbereiche untereinander. Die Phasendrehung des SIgnals w\u00e4chst von der Oberfl\u00e4che eines Leiters (0 Grad) zum Leiterinnern linear und erreicht bei der <b>Eindringtiefe<\/b> bereits eine Phasendrehung von <b>57 Grad! <\/b>Dies f\u00fchrt bei zu dicken Leitern zu h\u00f6rbaren Phasendrehungen. Bei CD-Spielern hat man bereits bei niedrigen Phasenverzerrungen deutliche Klangunterschiede der verwendeten Tiefpa\u00dffilter festgestellt.<\/p>\n<p>Die einzelnen Leiter eines Kabels sind daher so d\u00fcnn wie m\u00f6glich zu w\u00e4hlen, das Axiom3 Kabel hat daher nur Einzelleiter mit Durchmesser 0,7 mm, d.h. der Radius von 0,35 mm f\u00fcr jeden Einzelleiter bleibt deutlich unter der Eindringtiefe.<\/p>\n<p><a href=\"http:\/\/silvercables.de\/wp-content\/uploads\/2018\/03\/Exkurs-Technik.pdf\">Exkurs Technik<\/a><\/p>\n<p><!--more--><\/p>\n","protected":false},"excerpt":{"rendered":"<div class=\"slide-text-bg2\"><span>\u00a0 Silber TT Kabel Reinsilberkabel, garantierte Reinheit des verwendeten Silbers\u00a0 &gt; 99,99 % 2 oder 3 Solid-Core Leiter (Massivleiter) Basis Silberdraht<\/span><\/div>\n<div class=\"slide-btn-area-sm\"><a href=\"https:\/\/silvercables.de\/?page_id=24\" class=\"slide-btn-sm\">weiterlesen<\/a><\/div>\n","protected":false},"author":1,"featured_media":90,"parent":0,"menu_order":0,"comment_status":"closed","ping_status":"closed","template":"","meta":{"footnotes":""},"class_list":["post-24","page","type-page","status-publish","has-post-thumbnail","hentry"],"yoast_head":"<!-- This site is optimized with the Yoast SEO plugin v20.12 - https:\/\/yoast.com\/wordpress\/plugins\/seo\/ -->\n<title>Alles \u00fcber Silberkabel, Technik, Grundlagen und h\u00e4ufige Fragen - Silber Kabel, Benchmark und Bricasti<\/title>\n<meta name=\"description\" content=\"Hifi-Kabel haben technische Eigenschaften. Je besser die technischen Werte, umso besser das Kabel. Silber letet viek besser als Kupfer und ist das bevorzugte Leitermaterial bei hohen Anforderungen wie in Highend-Hifi Anlagen\" \/>\n<meta name=\"robots\" content=\"index, follow, max-snippet:-1, max-image-preview:large, max-video-preview:-1\" \/>\n<link rel=\"canonical\" href=\"https:\/\/silvercables.de\/?page_id=24\" \/>\n<meta property=\"og:locale\" content=\"de_DE\" \/>\n<meta property=\"og:type\" content=\"article\" \/>\n<meta property=\"og:title\" content=\"Alles \u00fcber Silberkabel, Technik, Grundlagen und h\u00e4ufige Fragen - Silber Kabel, Benchmark und Bricasti\" \/>\n<meta property=\"og:description\" content=\"Hifi-Kabel haben technische Eigenschaften. Je besser die technischen Werte, umso besser das Kabel. Silber letet viek besser als Kupfer und ist das bevorzugte Leitermaterial bei hohen Anforderungen wie in Highend-Hifi Anlagen\" \/>\n<meta property=\"og:url\" content=\"https:\/\/silvercables.de\/?page_id=24\" \/>\n<meta property=\"og:site_name\" content=\"Silber Kabel, Benchmark und Bricasti\" \/>\n<meta property=\"article:modified_time\" content=\"2026-02-25T16:36:00+00:00\" \/>\n<meta property=\"og:image\" content=\"http:\/\/silvercables.de\/wp-content\/uploads\/2018\/03\/Silberdraht.jpg\" \/>\n\t<meta property=\"og:image:width\" content=\"887\" \/>\n\t<meta property=\"og:image:height\" content=\"548\" \/>\n\t<meta property=\"og:image:type\" content=\"image\/jpeg\" \/>\n<meta name=\"twitter:card\" content=\"summary_large_image\" \/>\n<meta name=\"twitter:label1\" content=\"Gesch\u00e4tzte Lesezeit\" \/>\n\t<meta name=\"twitter:data1\" content=\"5\u00a0Minuten\" \/>\n<script type=\"application\/ld+json\" class=\"yoast-schema-graph\">{\"@context\":\"https:\/\/schema.org\",\"@graph\":[{\"@type\":\"WebPage\",\"@id\":\"https:\/\/silvercables.de\/?page_id=24\",\"url\":\"https:\/\/silvercables.de\/?page_id=24\",\"name\":\"Alles \u00fcber Silberkabel, Technik, Grundlagen und h\u00e4ufige Fragen - Silber Kabel, Benchmark und Bricasti\",\"isPartOf\":{\"@id\":\"https:\/\/silvercables.de\/#website\"},\"datePublished\":\"2017-11-08T14:54:45+00:00\",\"dateModified\":\"2026-02-25T16:36:00+00:00\",\"description\":\"Hifi-Kabel haben technische Eigenschaften. Je besser die technischen Werte, umso besser das Kabel. Silber letet viek besser als Kupfer und ist das bevorzugte Leitermaterial bei hohen Anforderungen wie in Highend-Hifi Anlagen\",\"breadcrumb\":{\"@id\":\"https:\/\/silvercables.de\/?page_id=24#breadcrumb\"},\"inLanguage\":\"de\",\"potentialAction\":[{\"@type\":\"ReadAction\",\"target\":[\"https:\/\/silvercables.de\/?page_id=24\"]}]},{\"@type\":\"BreadcrumbList\",\"@id\":\"https:\/\/silvercables.de\/?page_id=24#breadcrumb\",\"itemListElement\":[{\"@type\":\"ListItem\",\"position\":1,\"name\":\"Startseite\",\"item\":\"https:\/\/silvercables.de\/\"},{\"@type\":\"ListItem\",\"position\":2,\"name\":\"Alles \u00fcber Silberkabel, Technik, Grundlagen und h\u00e4ufige Fragen\"}]},{\"@type\":\"WebSite\",\"@id\":\"https:\/\/silvercables.de\/#website\",\"url\":\"https:\/\/silvercables.de\/\",\"name\":\"Silber Kabel, Benchmark und Bricasti\",\"description\":\"die Technik entscheided \u00fcber den Klang!\",\"potentialAction\":[{\"@type\":\"SearchAction\",\"target\":{\"@type\":\"EntryPoint\",\"urlTemplate\":\"https:\/\/silvercables.de\/?s={search_term_string}\"},\"query-input\":\"required name=search_term_string\"}],\"inLanguage\":\"de\"}]}<\/script>\n<!-- \/ Yoast SEO plugin. -->","yoast_head_json":{"title":"Alles \u00fcber Silberkabel, Technik, Grundlagen und h\u00e4ufige Fragen - Silber Kabel, Benchmark und Bricasti","description":"Hifi-Kabel haben technische Eigenschaften. Je besser die technischen Werte, umso besser das Kabel. Silber letet viek besser als Kupfer und ist das bevorzugte Leitermaterial bei hohen Anforderungen wie in Highend-Hifi Anlagen","robots":{"index":"index","follow":"follow","max-snippet":"max-snippet:-1","max-image-preview":"max-image-preview:large","max-video-preview":"max-video-preview:-1"},"canonical":"https:\/\/silvercables.de\/?page_id=24","og_locale":"de_DE","og_type":"article","og_title":"Alles \u00fcber Silberkabel, Technik, Grundlagen und h\u00e4ufige Fragen - Silber Kabel, Benchmark und Bricasti","og_description":"Hifi-Kabel haben technische Eigenschaften. Je besser die technischen Werte, umso besser das Kabel. Silber letet viek besser als Kupfer und ist das bevorzugte Leitermaterial bei hohen Anforderungen wie in Highend-Hifi Anlagen","og_url":"https:\/\/silvercables.de\/?page_id=24","og_site_name":"Silber Kabel, Benchmark und Bricasti","article_modified_time":"2026-02-25T16:36:00+00:00","og_image":[{"width":887,"height":548,"url":"http:\/\/silvercables.de\/wp-content\/uploads\/2018\/03\/Silberdraht.jpg","type":"image\/jpeg"}],"twitter_card":"summary_large_image","twitter_misc":{"Gesch\u00e4tzte Lesezeit":"5\u00a0Minuten"},"schema":{"@context":"https:\/\/schema.org","@graph":[{"@type":"WebPage","@id":"https:\/\/silvercables.de\/?page_id=24","url":"https:\/\/silvercables.de\/?page_id=24","name":"Alles \u00fcber Silberkabel, Technik, Grundlagen und h\u00e4ufige Fragen - Silber Kabel, Benchmark und Bricasti","isPartOf":{"@id":"https:\/\/silvercables.de\/#website"},"datePublished":"2017-11-08T14:54:45+00:00","dateModified":"2026-02-25T16:36:00+00:00","description":"Hifi-Kabel haben technische Eigenschaften. Je besser die technischen Werte, umso besser das Kabel. Silber letet viek besser als Kupfer und ist das bevorzugte Leitermaterial bei hohen Anforderungen wie in Highend-Hifi Anlagen","breadcrumb":{"@id":"https:\/\/silvercables.de\/?page_id=24#breadcrumb"},"inLanguage":"de","potentialAction":[{"@type":"ReadAction","target":["https:\/\/silvercables.de\/?page_id=24"]}]},{"@type":"BreadcrumbList","@id":"https:\/\/silvercables.de\/?page_id=24#breadcrumb","itemListElement":[{"@type":"ListItem","position":1,"name":"Startseite","item":"https:\/\/silvercables.de\/"},{"@type":"ListItem","position":2,"name":"Alles \u00fcber Silberkabel, Technik, Grundlagen und h\u00e4ufige Fragen"}]},{"@type":"WebSite","@id":"https:\/\/silvercables.de\/#website","url":"https:\/\/silvercables.de\/","name":"Silber Kabel, Benchmark und Bricasti","description":"die Technik entscheided \u00fcber den Klang!","potentialAction":[{"@type":"SearchAction","target":{"@type":"EntryPoint","urlTemplate":"https:\/\/silvercables.de\/?s={search_term_string}"},"query-input":"required name=search_term_string"}],"inLanguage":"de"}]}},"_links":{"self":[{"href":"https:\/\/silvercables.de\/index.php?rest_route=\/wp\/v2\/pages\/24","targetHints":{"allow":["GET"]}}],"collection":[{"href":"https:\/\/silvercables.de\/index.php?rest_route=\/wp\/v2\/pages"}],"about":[{"href":"https:\/\/silvercables.de\/index.php?rest_route=\/wp\/v2\/types\/page"}],"author":[{"embeddable":true,"href":"https:\/\/silvercables.de\/index.php?rest_route=\/wp\/v2\/users\/1"}],"replies":[{"embeddable":true,"href":"https:\/\/silvercables.de\/index.php?rest_route=%2Fwp%2Fv2%2Fcomments&post=24"}],"version-history":[{"count":14,"href":"https:\/\/silvercables.de\/index.php?rest_route=\/wp\/v2\/pages\/24\/revisions"}],"predecessor-version":[{"id":192,"href":"https:\/\/silvercables.de\/index.php?rest_route=\/wp\/v2\/pages\/24\/revisions\/192"}],"wp:featuredmedia":[{"embeddable":true,"href":"https:\/\/silvercables.de\/index.php?rest_route=\/wp\/v2\/media\/90"}],"wp:attachment":[{"href":"https:\/\/silvercables.de\/index.php?rest_route=%2Fwp%2Fv2%2Fmedia&parent=24"}],"curies":[{"name":"wp","href":"https:\/\/api.w.org\/{rel}","templated":true}]}}